{"id":93,"date":"2016-01-13T13:23:57","date_gmt":"2016-01-13T12:23:57","guid":{"rendered":"http:\/\/waligora-korbielow.pl\/?page_id=93"},"modified":"2016-01-18T13:17:17","modified_gmt":"2016-01-18T12:17:17","slug":"oferta","status":"publish","type":"page","link":"https:\/\/waligora-korbielow.pl\/index.php\/oferta\/","title":{"rendered":"Oferta"},"content":{"rendered":"<p>[et_pb_section admin_label=&#8221;section&#8221; background_image=&#8221;http:\/\/waligora-korbielow.pl\/wp-content\/uploads\/strona-glowna\/slala-kominkowa-1300.jpg&#8221; transparent_background=&#8221;on&#8221; allow_player_pause=&#8221;off&#8221; inner_shadow=&#8221;off&#8221; parallax=&#8221;off&#8221; parallax_method=&#8221;off&#8221; padding_mobile=&#8221;off&#8221; make_fullwidth=&#8221;off&#8221; use_custom_width=&#8221;off&#8221; width_unit=&#8221;on&#8221; make_equal=&#8221;off&#8221; use_custom_gutter=&#8221;off&#8221; gutter_width=&#8221;3&#8243; background_color=&#8221;#ffffff&#8221;][et_pb_row admin_label=&#8221;row&#8221; make_fullwidth=&#8221;off&#8221; use_custom_width=&#8221;off&#8221; width_unit=&#8221;on&#8221; use_custom_gutter=&#8221;off&#8221; gutter_width=&#8221;3&#8243; padding_mobile=&#8221;off&#8221; background_color=&#8221;rgba(255,255,255,0.9)&#8221; allow_player_pause=&#8221;off&#8221; parallax=&#8221;off&#8221; parallax_method=&#8221;off&#8221; make_equal=&#8221;off&#8221; parallax_1=&#8221;off&#8221; parallax_method_1=&#8221;off&#8221; column_padding_mobile=&#8221;on&#8221;][et_pb_column type=&#8221;4_4&#8243;][et_pb_text admin_label=&#8221;Tekst&#8221; background_layout=&#8221;light&#8221; text_orientation=&#8221;left&#8221; text_font_size=&#8221;14&#8243; use_border_color=&#8221;off&#8221; border_color=&#8221;#ffffff&#8221; border_style=&#8221;solid&#8221; custom_margin=&#8221;20px|20px|20px|20px&#8221; background_color=&#8221;rgba(255,255,255,0)&#8221;]<\/p>\n<h3>Nasze atuty:<\/h3>\n<ul>\n<li>parking na w\u0142asnej posesji<\/li>\n<li>plac zabaw dla dzieci<\/li>\n<li>latem basen ogrodowy<\/li>\n<li>sklep 100 metr\u00f3w<\/li>\n<li>blisko nowe \u015bcie\u017cki pieszo-rowerowe<\/li>\n<li>bilard bezp\u0142atny<\/li>\n<li>ping pong<\/li>\n<li>sala kominkowa<\/li>\n<li>jadalnia<\/li>\n<li>grill, st\u00f3\u0142, \u0142awki<\/li>\n<\/ul>\n<h3>Wyposa\u017cenie\u00a0pokoi:<\/h3>\n<ul>\n<li>\u0142azienka<\/li>\n<li>tv<\/li>\n<li>internet wifi w ca\u0142ym budynku<\/li>\n<li>w jadalni mo\u017cna korzysta\u0107 z naczy\u0144 sto\u0142owych<\/li>\n<\/ul>\n<h3>Dodatkowo:<\/h3>\n<ul>\n<li>wsp\u00f3\u0142pracujemy z ski-busami, kt\u00f3re podwo\u017c\u0105 go\u015bci pod same wyci\u0105gi na Pilsko<\/li>\n<li>mo\u017cliwo\u015b\u0107 niedrogo wypo\u017cyczenia sprz\u0119tu narciarskiego i nauki jazdy na nartach i snowboardzie<\/li>\n<\/ul>\n<p>&nbsp;<\/p>\n<p>[\/et_pb_text][\/et_pb_column][\/et_pb_row][\/et_pb_section]<\/p>\n","protected":false},"excerpt":{"rendered":"<p>Nasze atuty: parking na w\u0142asnej posesji plac zabaw dla dzieci latem basen ogrodowy sklep 100 metr\u00f3w blisko nowe \u015bcie\u017cki pieszo-rowerowe bilard bezp\u0142atny ping pong sala kominkowa jadalnia grill, st\u00f3\u0142, \u0142awki Wyposa\u017cenie\u00a0pokoi: \u0142azienka tv internet wifi w ca\u0142ym budynku w jadalni mo\u017cna korzysta\u0107 z naczy\u0144 sto\u0142owych Dodatkowo: wsp\u00f3\u0142pracujemy z ski-busami, kt\u00f3re podwo\u017c\u0105 go\u015bci pod same wyci\u0105gi [&hellip;]<\/p>\n","protected":false},"author":1,"featured_media":0,"parent":0,"menu_order":0,"comment_status":"closed","ping_status":"closed","template":"","meta":{"_et_pb_use_builder":"on","_et_pb_old_content":"","_et_gb_content_width":"","footnotes":""},"class_list":["post-93","page","type-page","status-publish","hentry"],"_links":{"self":[{"href":"https:\/\/waligora-korbielow.pl\/index.php\/wp-json\/wp\/v2\/pages\/93","targetHints":{"allow":["GET"]}}],"collection":[{"href":"https:\/\/waligora-korbielow.pl\/index.php\/wp-json\/wp\/v2\/pages"}],"about":[{"href":"https:\/\/waligora-korbielow.pl\/index.php\/wp-json\/wp\/v2\/types\/page"}],"author":[{"embeddable":true,"href":"https:\/\/waligora-korbielow.pl\/index.php\/wp-json\/wp\/v2\/users\/1"}],"replies":[{"embeddable":true,"href":"https:\/\/waligora-korbielow.pl\/index.php\/wp-json\/wp\/v2\/comments?post=93"}],"version-history":[{"count":19,"href":"https:\/\/waligora-korbielow.pl\/index.php\/wp-json\/wp\/v2\/pages\/93\/revisions"}],"predecessor-version":[{"id":224,"href":"https:\/\/waligora-korbielow.pl\/index.php\/wp-json\/wp\/v2\/pages\/93\/revisions\/224"}],"wp:attachment":[{"href":"https:\/\/waligora-korbielow.pl\/index.php\/wp-json\/wp\/v2\/media?parent=93"}],"curies":[{"name":"wp","href":"https:\/\/api.w.org\/{rel}","templated":true}]}}